{"id":1015,"date":"2025-01-30T15:48:20","date_gmt":"2025-01-30T20:48:20","guid":{"rendered":"http:\/\/localhost:10043\/a-propos\/"},"modified":"2026-01-15T10:42:37","modified_gmt":"2026-01-15T15:42:37","slug":"about","status":"publish","type":"page","link":"https:\/\/domedic.ca\/en\/about\/","title":{"rendered":"\u00c0 propos"},"content":{"rendered":"","protected":false},"excerpt":{"rendered":"","protected":false},"author":1,"featured_media":0,"parent":0,"menu_order":0,"comment_status":"closed","ping_status":"closed","template":"templates\/tp-about.php","meta":{"_acf_changed":false,"footnotes":""},"class_list":["post-1015","page","type-page","status-publish","hentry"],"acf":[],"yoast_head":"<!-- This site is optimized with the Yoast SEO Premium plugin v27.4 (Yoast SEO v27.5) - https:\/\/yoast.com\/product\/yoast-seo-premium-wordpress\/ -->\n<title>\u00c0 propos de Domedic<\/title>\n<meta name=\"description\" content=\"Domedic d\u00e9veloppe des solutions logicielles innovantes pour optimiser et s\u00e9curiser le circuit du m\u00e9dicament, aidant patients et professionnels de sant\u00e9.\" \/>\n<meta name=\"robots\" content=\"index, follow, max-snippet:-1, max-image-preview:large, max-video-preview:-1\" \/>\n<link rel=\"canonical\" href=\"https:\/\/domedic.ca\/en\/about\/\" \/>\n<meta property=\"og:locale\" content=\"en_US\" \/>\n<meta property=\"og:type\" content=\"article\" \/>\n<meta property=\"og:title\" content=\"\u00c0 propos\" \/>\n<meta property=\"og:description\" content=\"Domedic d\u00e9veloppe des solutions logicielles innovantes pour optimiser et s\u00e9curiser le circuit du m\u00e9dicament, aidant patients et professionnels de sant\u00e9.\" \/>\n<meta property=\"og:url\" content=\"https:\/\/domedic.ca\/en\/about\/\" \/>\n<meta property=\"og:site_name\" content=\"Domedic\" \/>\n<meta property=\"article:publisher\" content=\"https:\/\/www.facebook.com\/domedic.ca\" \/>\n<meta property=\"article:modified_time\" content=\"2026-01-15T15:42:37+00:00\" \/>\n<meta property=\"og:image\" content=\"https:\/\/domedic.ca\/wp-content\/uploads\/2025\/04\/Domedic-apropos-OP.png\" \/>\n\t<meta property=\"og:image:width\" content=\"1200\" \/>\n\t<meta property=\"og:image:height\" content=\"630\" \/>\n\t<meta property=\"og:image:type\" content=\"image\/png\" \/>\n<meta name=\"twitter:card\" content=\"summary_large_image\" \/>\n<script type=\"application\/ld+json\" class=\"yoast-schema-graph\">{\"@context\":\"https:\\\/\\\/schema.org\",\"@graph\":[{\"@type\":\"WebPage\",\"@id\":\"https:\\\/\\\/domedic.ca\\\/en\\\/about\\\/\",\"url\":\"https:\\\/\\\/domedic.ca\\\/en\\\/about\\\/\",\"name\":\"\u00c0 propos de Domedic\",\"isPartOf\":{\"@id\":\"https:\\\/\\\/domedic.ca\\\/#website\"},\"datePublished\":\"2025-01-30T20:48:20+00:00\",\"dateModified\":\"2026-01-15T15:42:37+00:00\",\"description\":\"Domedic d\u00e9veloppe des solutions logicielles innovantes pour optimiser et s\u00e9curiser le circuit du m\u00e9dicament, aidant patients et professionnels de sant\u00e9.\",\"breadcrumb\":{\"@id\":\"https:\\\/\\\/domedic.ca\\\/en\\\/about\\\/#breadcrumb\"},\"inLanguage\":\"en-US\",\"potentialAction\":[{\"@type\":\"ReadAction\",\"target\":[\"https:\\\/\\\/domedic.ca\\\/en\\\/about\\\/\"]}]},{\"@type\":\"BreadcrumbList\",\"@id\":\"https:\\\/\\\/domedic.ca\\\/en\\\/about\\\/#breadcrumb\",\"itemListElement\":[{\"@type\":\"ListItem\",\"position\":1,\"name\":\"Home\",\"item\":\"https:\\\/\\\/domedic.ca\\\/en\\\/\"},{\"@type\":\"ListItem\",\"position\":2,\"name\":\"\u00c0 propos\"}]},{\"@type\":\"WebSite\",\"@id\":\"https:\\\/\\\/domedic.ca\\\/#website\",\"url\":\"https:\\\/\\\/domedic.ca\\\/\",\"name\":\"Domedic\",\"description\":\"\",\"publisher\":{\"@id\":\"https:\\\/\\\/domedic.ca\\\/#organization\"},\"potentialAction\":[{\"@type\":\"SearchAction\",\"target\":{\"@type\":\"EntryPoint\",\"urlTemplate\":\"https:\\\/\\\/domedic.ca\\\/?s={search_term_string}\"},\"query-input\":{\"@type\":\"PropertyValueSpecification\",\"valueRequired\":true,\"valueName\":\"search_term_string\"}}],\"inLanguage\":\"en-US\"},{\"@type\":\"Organization\",\"@id\":\"https:\\\/\\\/domedic.ca\\\/#organization\",\"name\":\"Domedic\",\"url\":\"https:\\\/\\\/domedic.ca\\\/\",\"logo\":{\"@type\":\"ImageObject\",\"inLanguage\":\"en-US\",\"@id\":\"https:\\\/\\\/domedic.ca\\\/#\\\/schema\\\/logo\\\/image\\\/\",\"url\":\"https:\\\/\\\/domedic.ca\\\/wp-content\\\/uploads\\\/2025\\\/02\\\/OG.png\",\"contentUrl\":\"https:\\\/\\\/domedic.ca\\\/wp-content\\\/uploads\\\/2025\\\/02\\\/OG.png\",\"width\":864,\"height\":528,\"caption\":\"Domedic\"},\"image\":{\"@id\":\"https:\\\/\\\/domedic.ca\\\/#\\\/schema\\\/logo\\\/image\\\/\"},\"sameAs\":[\"https:\\\/\\\/www.facebook.com\\\/domedic.ca\"]}]}<\/script>\n<!-- \/ Yoast SEO Premium plugin. -->","yoast_head_json":{"title":"\u00c0 propos de Domedic","description":"Domedic d\u00e9veloppe des solutions logicielles innovantes pour optimiser et s\u00e9curiser le circuit du m\u00e9dicament, aidant patients et professionnels de sant\u00e9.","robots":{"index":"index","follow":"follow","max-snippet":"max-snippet:-1","max-image-preview":"max-image-preview:large","max-video-preview":"max-video-preview:-1"},"canonical":"https:\/\/domedic.ca\/en\/about\/","og_locale":"en_US","og_type":"article","og_title":"\u00c0 propos","og_description":"Domedic d\u00e9veloppe des solutions logicielles innovantes pour optimiser et s\u00e9curiser le circuit du m\u00e9dicament, aidant patients et professionnels de sant\u00e9.","og_url":"https:\/\/domedic.ca\/en\/about\/","og_site_name":"Domedic","article_publisher":"https:\/\/www.facebook.com\/domedic.ca","article_modified_time":"2026-01-15T15:42:37+00:00","og_image":[{"width":1200,"height":630,"url":"https:\/\/domedic.ca\/wp-content\/uploads\/2025\/04\/Domedic-apropos-OP.png","type":"image\/png"}],"twitter_card":"summary_large_image","schema":{"@context":"https:\/\/schema.org","@graph":[{"@type":"WebPage","@id":"https:\/\/domedic.ca\/en\/about\/","url":"https:\/\/domedic.ca\/en\/about\/","name":"\u00c0 propos de Domedic","isPartOf":{"@id":"https:\/\/domedic.ca\/#website"},"datePublished":"2025-01-30T20:48:20+00:00","dateModified":"2026-01-15T15:42:37+00:00","description":"Domedic d\u00e9veloppe des solutions logicielles innovantes pour optimiser et s\u00e9curiser le circuit du m\u00e9dicament, aidant patients et professionnels de sant\u00e9.","breadcrumb":{"@id":"https:\/\/domedic.ca\/en\/about\/#breadcrumb"},"inLanguage":"en-US","potentialAction":[{"@type":"ReadAction","target":["https:\/\/domedic.ca\/en\/about\/"]}]},{"@type":"BreadcrumbList","@id":"https:\/\/domedic.ca\/en\/about\/#breadcrumb","itemListElement":[{"@type":"ListItem","position":1,"name":"Home","item":"https:\/\/domedic.ca\/en\/"},{"@type":"ListItem","position":2,"name":"\u00c0 propos"}]},{"@type":"WebSite","@id":"https:\/\/domedic.ca\/#website","url":"https:\/\/domedic.ca\/","name":"Domedic","description":"","publisher":{"@id":"https:\/\/domedic.ca\/#organization"},"potentialAction":[{"@type":"SearchAction","target":{"@type":"EntryPoint","urlTemplate":"https:\/\/domedic.ca\/?s={search_term_string}"},"query-input":{"@type":"PropertyValueSpecification","valueRequired":true,"valueName":"search_term_string"}}],"inLanguage":"en-US"},{"@type":"Organization","@id":"https:\/\/domedic.ca\/#organization","name":"Domedic","url":"https:\/\/domedic.ca\/","logo":{"@type":"ImageObject","inLanguage":"en-US","@id":"https:\/\/domedic.ca\/#\/schema\/logo\/image\/","url":"https:\/\/domedic.ca\/wp-content\/uploads\/2025\/02\/OG.png","contentUrl":"https:\/\/domedic.ca\/wp-content\/uploads\/2025\/02\/OG.png","width":864,"height":528,"caption":"Domedic"},"image":{"@id":"https:\/\/domedic.ca\/#\/schema\/logo\/image\/"},"sameAs":["https:\/\/www.facebook.com\/domedic.ca"]}]}},"_links":{"self":[{"href":"https:\/\/domedic.ca\/en\/wp-json\/wp\/v2\/pages\/1015","targetHints":{"allow":["GET"]}}],"collection":[{"href":"https:\/\/domedic.ca\/en\/wp-json\/wp\/v2\/pages"}],"about":[{"href":"https:\/\/domedic.ca\/en\/wp-json\/wp\/v2\/types\/page"}],"author":[{"embeddable":true,"href":"https:\/\/domedic.ca\/en\/wp-json\/wp\/v2\/users\/1"}],"replies":[{"embeddable":true,"href":"https:\/\/domedic.ca\/en\/wp-json\/wp\/v2\/comments?post=1015"}],"version-history":[{"count":17,"href":"https:\/\/domedic.ca\/en\/wp-json\/wp\/v2\/pages\/1015\/revisions"}],"predecessor-version":[{"id":1668,"href":"https:\/\/domedic.ca\/en\/wp-json\/wp\/v2\/pages\/1015\/revisions\/1668"}],"wp:attachment":[{"href":"https:\/\/domedic.ca\/en\/wp-json\/wp\/v2\/media?parent=1015"}],"curies":[{"name":"wp","href":"https:\/\/api.w.org\/{rel}","templated":true}]}}